{"id":98,"date":"2013-06-05T08:04:30","date_gmt":"2013-06-05T08:04:30","guid":{"rendered":"http:\/\/cleanline.digiinfo.ee\/?page_id=98"},"modified":"2017-09-08T07:21:38","modified_gmt":"2017-09-08T07:21:38","slug":"laser-hair-removal","status":"publish","type":"page","link":"https:\/\/www.cleanline.ee\/fi\/services\/laser-hair-removal\/","title":{"rendered":"Laserepilaatio"},"content":{"rendered":"<h2 style=\"color:#0848ba;\">Hinta 9\u20ac \/ cm\u00b2<\/h2>\n<p>Laserepilaatiossa ihokarvat poistetaan laserin avulla.<\/p>\n<p>CleanLine \u2013klinikalla k\u00e4ytet\u00e4\u00e4n EpiTouch Alexandrite \u2013laseria, jonka toiminta perustuu testattuun laserteknologiaan, mik\u00e4 vaikuttaa kohdistetusti ihokarvan sis\u00e4lt\u00e4m\u00e4\u00e4n pigmenttiin eik\u00e4 vaurioita ymp\u00e4r\u00f6ivi\u00e4 kudoksia.<\/p>\n<p>Laserepilaatio on muita epilointimenetelmi\u00e4 tehokkaampi, sill\u00e4 ihokarvat poistetaan lopullisesti. Laserin avulla ei poisteta ainoastaan karvoja, vaan my\u00f6s karvan juuri, jonka poistamisen j\u00e4lkeen karva ei pysty en\u00e4\u00e4 kasvamaan.<\/p>\n<p>Ensimm\u00e4isell\u00e4 k\u00e4yntikerralla vastaavan koulutuksen suorittanut l\u00e4\u00e4k\u00e4ri selostaa toimenpiteen sis\u00e4ll\u00f6n, mittaa k\u00e4sitelt\u00e4v\u00e4n alueen ja m\u00e4\u00e4rittelee toimenpiteen hinnan sek\u00e4 suoritta testausepiloinnin.<\/p>\n<p>Ensimm\u00e4isell\u00e4 toimenpidekerralla EpiTouch Alexandrite \u2013laitteella poistetaan kaikki n\u00e4kyv\u00e4t karvat sek\u00e4 h\u00e4vitet\u00e4\u00e4n aktiivisessa kasvuvaiheessa olevat karvajuuret, mink\u00e4 j\u00e4lkeen toimenpide toistetaan puolentoista kuukauden kuluttua. Epilointi k\u00e4sitt\u00e4\u00e4 yleens\u00e4 5-6 toimenpidekertaa.<\/p>\n<div class=\"video-container\"><iframe loading=\"lazy\" width=\"560\" height=\"315\" src=\"https:\/\/www.youtube.com\/embed\/8FPwp-EIySE\" frameborder=\"0\" allowfullscreen><\/iframe><\/div>\n<p><strong>Kontraindikaatiot:<\/strong><\/p>\n<li>\u00e4skett\u00e4in ruskettunut iho (noin kaksi viikkoa ennen toimenpidett\u00e4)<\/li>\n<li>raskaus<\/li>\n<p><strong>Ennen toimenpidett\u00e4:<\/strong><\/p>\n<li>auringonottoa on v\u00e4ltett\u00e4v\u00e4 (noin kaksi viikkoa ennen toimenpidett\u00e4)<\/li>\n<li>karvat tulisi ajella, pituus korkeintaan 1,5-2 mm<\/li>\n<p><strong>Toimenpide:<\/strong><\/p>\n<li>laserepilaatio on kivuton, ihonpinnalla tuntuu mahdollisesti vain v\u00e4h\u00e4ist\u00e4 pistely\u00e4<\/li>\n<li>laserk\u00e4sittely kest\u00e4\u00e4 muutamasta minuutista yhteen tuntiin k\u00e4sitelt\u00e4v\u00e4n ihoalueen koosta riippuen<\/li>\n<li>ihon pintakerroksen l\u00e4p\u00e4isev\u00e4 punainen s\u00e4teily imeytyy pigmentti\u00e4 sis\u00e4lt\u00e4viin karvoihin ja karvatuppeen ja nostaa niiden l\u00e4mp\u00f6tilaa<\/li>\n<p><strong>Sivuvaikutukset:<\/strong><\/p>\n<li>iholla voi ilmet\u00e4 punoitusta, mik\u00e4 h\u00e4vi\u00e4\u00e4 kuitenkin yleens\u00e4 muutamassa p\u00e4iv\u00e4ss\u00e4<\/li>\n<li>tummaihoisilla sek\u00e4 ruskettuneella iholla voi ilmet\u00e4 ihon pintakerroksen tulehtumista, mik\u00e4 paranee yleens\u00e4 noin kymmeness\u00e4 p\u00e4iv\u00e4ss\u00e4<\/li>\n<li>harvoin (noin 5 % potilaista) ilmenee my\u00f6s hyperpigmentaatiota, mik\u00e4 h\u00e4vi\u00e4\u00e4 kuitenkin viimeist\u00e4\u00e4n kolmen kuukauden kuluessa<\/li>\n<p><strong>Toimenpiteet j\u00e4lkeen:<\/strong><\/p>\n<li>auringonottoa on v\u00e4ltett\u00e4v\u00e4 (noin kahden viikon ajan toimenpiteen j\u00e4lkeen)<\/li>","protected":false},"excerpt":{"rendered":"<p>Hinta 9\u20ac \/ cm\u00b2 Laserepilaatiossa ihokarvat poistetaan laserin avulla. CleanLine \u2013klinikalla k\u00e4ytet\u00e4\u00e4n EpiTouch Alexandrite \u2013laseria, jonka toiminta perustuu testattuun laserteknologiaan, mik\u00e4 vaikuttaa kohdistetusti ihokarvan sis\u00e4lt\u00e4m\u00e4\u00e4n pigmenttiin eik\u00e4 vaurioita ymp\u00e4r\u00f6ivi\u00e4 kudoksia. Laserepilaatio on muita epilointimenetelmi\u00e4 tehokkaampi, sill\u00e4 ihokarvat poistetaan lopullisesti. Laserin avulla ei poisteta ainoastaan karvoja,&#8230;<\/p>\n","protected":false},"author":2,"featured_media":0,"parent":52,"menu_order":1,"comment_status":"closed","ping_status":"closed","template":"","meta":{"footnotes":""},"class_list":["post-98","page","type-page","status-publish","hentry"],"_links":{"self":[{"href":"https:\/\/www.cleanline.ee\/fi\/wp-json\/wp\/v2\/pages\/98"}],"collection":[{"href":"https:\/\/www.cleanline.ee\/fi\/wp-json\/wp\/v2\/pages"}],"about":[{"href":"https:\/\/www.cleanline.ee\/fi\/wp-json\/wp\/v2\/types\/page"}],"author":[{"embeddable":true,"href":"https:\/\/www.cleanline.ee\/fi\/wp-json\/wp\/v2\/users\/2"}],"replies":[{"embeddable":true,"href":"https:\/\/www.cleanline.ee\/fi\/wp-json\/wp\/v2\/comments?post=98"}],"version-history":[{"count":20,"href":"https:\/\/www.cleanline.ee\/fi\/wp-json\/wp\/v2\/pages\/98\/revisions"}],"predecessor-version":[{"id":1008,"href":"https:\/\/www.cleanline.ee\/fi\/wp-json\/wp\/v2\/pages\/98\/revisions\/1008"}],"up":[{"embeddable":true,"href":"https:\/\/www.cleanline.ee\/fi\/wp-json\/wp\/v2\/pages\/52"}],"wp:attachment":[{"href":"https:\/\/www.cleanline.ee\/fi\/wp-json\/wp\/v2\/media?parent=98"}],"curies":[{"name":"wp","href":"https:\/\/api.w.org\/{rel}","templated":true}]}}