{"id":93,"date":"2013-06-05T07:47:41","date_gmt":"2013-06-05T07:47:41","guid":{"rendered":"http:\/\/cleanline.digiinfo.ee\/?page_id=93"},"modified":"2017-08-30T09:05:28","modified_gmt":"2017-08-30T09:05:28","slug":"fft-fraxel-fractional-photothermolysis","status":"publish","type":"page","link":"https:\/\/www.cleanline.ee\/fi\/services\/fft-fraxel-fractional-photothermolysis\/","title":{"rendered":"Valikoiva Fototermolyysi (Fraxel)"},"content":{"rendered":"<img decoding=\"async\" src=\"http:\/\/www.cleanline.ee\/wp-content\/uploads\/2013\/06\/fraxel-eestis-cleanline-kliinik.bmp\" alt=\"fraxel-eestis-cleanline-kliinik\" \/><\/p>\n<p>Vanhenemisen pys\u00e4ytt\u00e4miseen k\u00e4ytett\u00e4vien hoitojen yhdistelm\u00e4 saa ihon loistamaan nuoruudesta!<\/p>\n<p>CO2 fraksel laserhoidon ja plasman hoidon yhdistelm\u00e4ss\u00e4 saavutetaan parempia ja nopeampia tuloksia arpien hoitoon.<\/p>\n<p><strong>Fototermolyysitoimenpide<\/strong> tarkoittaa vanhan ihon poistamista todella pieniss\u00e4 osissa, ja vaurioituneen ihoalueen palauttamista. Ihon virheiden hoitaminen ja nuorentaminen valikoivan fototermolyysin avulla on ainutlaatuinen ja ei-invasiivinen (veret\u00f6n). T\u00e4ss\u00e4 menetelm\u00e4ss\u00e4 erityisen laitteen luomalasers\u00e4de tunkeutuu ihoon korkeintaan 1,5 mm syvyyteen ulottuvan mikroskooppisen pisteverkoston (hiukkaset) avulla, jonka tuloksena muodostuu tulppamaisia vaikutusalueita. Menetelm\u00e4n ainutlaatuisuus perustuu siihen, ett\u00e4 epidermiksen basaalikerros palautuu toimenpiteen j\u00e4lkeen miltei t\u00e4ydellisesti seuraavan 24 tunnin kuluessa, ja murskatun epidermiksen solut kuoriutuvat ihosta kahden viikon kuluessa. T\u00e4m\u00e4 j\u00e4lkeen k\u00e4sitellyn ihoalueen epidermiksess\u00e4 sek\u00e4 dermiksess\u00e4 k\u00e4ynnistyy uusien rakenneosien reaktiivinen synteesi, ja my\u00f6s ihoa ymp\u00e4r\u00f6iv\u00e4n kudoskerros muuttuu.<\/p>\n<p><strong>Fototermolyysin<\/strong> sivuvaikutukset ovat \u00e4\u00e4rimm\u00e4isen v\u00e4h\u00e4isi\u00e4, ja toimenpide on hallittu, vaaraton sek\u00e4 tehokas keino nuorentaa ihoa, ja josta palautuminen on todella nopeaa. Laserlaitteilla on tehty tuhansia toimenpiteit\u00e4 eripuolilla maailmaa, ja kymmenilt\u00e4 tuhansilta asiakkailta saatu positiivinen palaute kertoo osaltaan menetelm\u00e4n tehokkuudesta. Ihon nuorentaminen valikoivalla termolyysill\u00e4 on todella tehokasta ja ihon kunto paranee. Ihon nuorentumisprosessi jatkuu pitk\u00e4\u00e4n, eik\u00e4 j\u00e4\u00e4 muilta huomaamatta. T\u00e4llainen ihon nuorentaminen on vaaratonta, ja sopii my\u00f6s sellaisille henkil\u00f6ille, joille plastiikkakirurgiset toimenpiteet eiv\u00e4t sovi. T\u00e4m\u00e4 ainutlaatuinen ihon nuorennustoimenpide on ollut CleanLine \u2013klinikalla k\u00e4yt\u00f6ss\u00e4 jo yli 3 vuoden ajan, ja osoittautunut todella tehokkaaksi.<\/p>\n<p><strong>Valikoiva fototermolyysin ainutlaatuiset ominaisuudet:<\/strong><\/p>\n<li>Jokaisella toimenpidekerralla hoidettavalta ihoalueelta poistetaan 15\u201325 % vanhasta ihosta, jonka tilalle kasvaa uutta, nuorta ihokudosta.<\/li>\n<li>Muokkausta ei tapahdu ainoastaan ihon pinnassa, vaan my\u00f6s syvemmiss\u00e4 ihokerroksissa. My\u00f6s ihon kollageeni-elastiinikerros uudistuu.<\/li>\n<li>Toimenpide sopii kaikille ihotyypeille, sill\u00e4 ihons\u00e4vyyn, paksuuteen tai herkkyyteen liittyvi\u00e4 rajoituksia ei ole.<\/li>\n<li>Voidaan k\u00e4ytt\u00e4\u00e4 mill\u00e4 tahansa herk\u00e4ll\u00e4 ihoalueella (k\u00e4det, dekoltee, kaula, silm\u00e4luomet).<\/li>\n<li>Ihon suojaavat ominaisuudet s\u00e4ilyv\u00e4t, ei infektioiden vaaraa, suojaavia tai palautumista tehostavia naamioita ei tarvitse k\u00e4ytt\u00e4\u00e4.<\/li>\n<li>Ihoa voi meikata ja pest\u00e4 3-4 p\u00e4iv\u00e4\u00e4 hoiton j\u00e4lkeen.<\/li>\n<li>Iho ei tarvitse l\u00e4\u00e4ketieteellisi\u00e4 hoitotoimenpiteit\u00e4, vaan pelkk\u00e4 auringons\u00e4teilt\u00e4 suojaaminen ja kosteuttavien voiteiden k\u00e4ytt\u00f6 riitt\u00e4\u00e4.<\/li>\n<li>Toimenpide kest\u00e4\u00e4 30-45 minuuttia.<\/li>\n<li>Ihon liev\u00e4 turvotus katoaa muutamassa p\u00e4iv\u00e4ss\u00e4 ja punoitus 1-5 p\u00e4iv\u00e4n kuluessa.<\/li>\n<p><strong>Valikoiva fototermolyysi sopii seuraavien ongelmien hoitamiseen:<\/strong><\/p>\n<li>Veltostunut iho: ihoa nuorennetaan poistamalla vanhaa ihoa todella pieniss\u00e4 osissa sek\u00e4 tehostamalla uuden ihon kasvua.<\/li>\n<li>Pigmenttil\u00e4isk\u00e4t: toistuvan auringonvaolle altistumisen aiheuttamat pigmenttil\u00e4isk\u00e4t poistetaan. Pigmenttil\u00e4iski\u00e4 on yleens\u00e4 kasvoissa, kaulassa ja dekolteen alueella.<\/li>\n<li>Melasmat: syv\u00e4ll\u00e4 ihossa sijaitsevan, hormonaalisten muutosten aiheuttaman liiallisen pigmentin poistaminen.<\/li>\n<li>Arvet: arpien paksua sidekudosta poistetaan valikoivasti. Arpia voidaan poistaa milt\u00e4 tahansa vartalon alueelta.<\/li>\n<li>Aknearpien poistaminen: aknen aiheuttamia, kraatterimaisia arpia silotetaan stimuloimalla arpialueen terveen ihon kasvua.<\/li>\n<li>Raskausarvet: ihoa muokataan raskausarpien alueella siten, ett\u00e4 sek\u00e4 arvet ett\u00e4 ihons\u00e4vy tasoittuu alueella, jolloin arvet muuttuvat my\u00f6s huomaamattomammiksi.<\/li>\n<li>Rypyt: silottaa pienet rypyt sek\u00e4 syvemm\u00e4tkin juonteet. Ryppyj\u00e4 voidaan poistaa my\u00f6s milt\u00e4 tahansa ihoalueelta, my\u00f6s silm\u00e4luomista, dekolteen alueelta sek\u00e4 k\u00e4sist\u00e4. Toimenpide ei vaikuta syviin ilmeryppyihin, joten lopputulos on luonnollinen.<\/li>\n<div class=\"video-container\"><iframe loading=\"lazy\" width=\"560\" height=\"315\" src=\"https:\/\/www.youtube.com\/embed\/L0qq24RSWWc\" frameborder=\"0\" allowfullscreen><\/iframe><\/div>\n<p><strong>Valikoiva fototermolyysi ei sovi (vastaa-aihet):<\/strong><\/p>\n<li>epilepsia<\/li>\n<li>raskaus<\/li>\n<li>tulehdukselliset prosessit menettelyn aluella<\/li>\n<li>psorjaasi<\/li>\n<li>atooppinen ihottuman paheneminen<\/li>\n<li>pahanlaatuiset kasvaimet menettelyn aluella<\/li>\n<li>diabetes (suhteellinen vasta aihe)<\/li>\n<li>\u00e4skett\u00e4in tehty kemiallinen kuorinta tai vastaava menetely<\/li>\n<li>ruskettunut iho (tuore rusketus v\u00e4hint\u00e4\u00e4n 3 viikkoa ennen toimenpidett\u00e4; spray- rusketus sek\u00e4 itserusketavan voiteen k\u00e4ytt\u00f6<\/li>\n<li>kultaiset langat ihon sis\u00e4ll\u00e4<\/li>\n<li>couperosa<\/li>\n<li>syd\u00e4mentahdistin<\/li>\n<p><strong>Esteettinen l\u00e4\u00e4ketiede tarjoaa useita mahdollisuuksia ulkon\u00e4\u00f6n korjaamiseen<\/strong>\n<liFototermolyysi ei ole vaihtoehto kirurginveitselle. Ihoa voidaan kirist\u00e4\u00e4 kirurgisilla toimenpiteill\u00e4, mutta se ei vaikuta ihon kuntoon mill\u00e4\u00e4n lailla.<\/li>\n<liFototermolyysi on ihanteellinen menetelm\u00e4 ihon nuorentamiseen \u2013 iho muuttuu paksummaksi, kiinte\u00e4mm\u00e4ksi sek\u00e4 elastisemmaksi.<\/li>\n<liFototermolyysi tarjoaa optimaalisen keinon p\u00e4\u00e4st\u00e4 eroon rypyist\u00e4, arvista ja aknearvista.<\/li>\n<liFototermolyysi sopii ihanteellisesti ihons\u00e4vyn yhten\u00e4ist\u00e4miseen ja pigmenttivirheiden poistamiseen my\u00f6s silloin, kun muut menetelm\u00e4t eiv\u00e4t tuota toivottua tulosta.<\/li>\n<li>Fototermolyysi on ihanteellinen vaihtoehto silloin kun aika on kortilla, sill\u00e4 toimenpiteen j\u00e4lkeen ei tarvitse pysytell\u00e4 kotona useiden viikkojen ajan.<\/li>\n<h3>Ennen \/ J\u00e4lkeen<\/h3>\n<p><img loading=\"lazy\" decoding=\"async\" src=\"http:\/\/www.cleanline.ee\/wp-content\/uploads\/2013\/06\/cleanline-kliinik-fraxel.png\" alt=\"\" width=\"501\" height=\"333\" class=\"aligncenter size-full wp-image-328\" srcset=\"https:\/\/www.cleanline.ee\/wp-content\/uploads\/2013\/06\/cleanline-kliinik-fraxel.png 501w, https:\/\/www.cleanline.ee\/wp-content\/uploads\/2013\/06\/cleanline-kliinik-fraxel-300x199.png 300w\" sizes=\"(max-width: 501px) 100vw, 501px\" \/> <img loading=\"lazy\" decoding=\"async\" src=\"http:\/\/www.cleanline.ee\/wp-content\/uploads\/2013\/06\/cleanline-kliinik-fraxel2.png\" alt=\"\" width=\"499\" height=\"334\" class=\"aligncenter size-full wp-image-329\" srcset=\"https:\/\/www.cleanline.ee\/wp-content\/uploads\/2013\/06\/cleanline-kliinik-fraxel2.png 499w, https:\/\/www.cleanline.ee\/wp-content\/uploads\/2013\/06\/cleanline-kliinik-fraxel2-300x200.png 300w\" sizes=\"(max-width: 499px) 100vw, 499px\" \/><\/p>\n<p><img loading=\"lazy\" decoding=\"async\" src=\"http:\/\/www.cleanline.ee\/wp-content\/uploads\/2013\/06\/fototermoluus-noorendamine.jpg\" alt=\"\" width=\"550\" height=\"349\" class=\"aligncenter size-full wp-image-237\" srcset=\"https:\/\/www.cleanline.ee\/wp-content\/uploads\/2013\/06\/fototermoluus-noorendamine.jpg 550w, https:\/\/www.cleanline.ee\/wp-content\/uploads\/2013\/06\/fototermoluus-noorendamine-300x190.jpg 300w\" sizes=\"(max-width: 550px) 100vw, 550px\" \/>","protected":false},"excerpt":{"rendered":"<p>Vanhenemisen pys\u00e4ytt\u00e4miseen k\u00e4ytett\u00e4vien hoitojen yhdistelm\u00e4 saa ihon loistamaan nuoruudesta! CO2 fraksel laserhoidon ja plasman hoidon yhdistelm\u00e4ss\u00e4 saavutetaan parempia ja nopeampia tuloksia arpien hoitoon. Fototermolyysitoimenpide tarkoittaa vanhan ihon poistamista todella pieniss\u00e4 osissa, ja vaurioituneen ihoalueen palauttamista. Ihon virheiden hoitaminen ja nuorentaminen valikoivan fototermolyysin avulla on ainutlaatuinen&#8230;<\/p>\n","protected":false},"author":2,"featured_media":0,"parent":52,"menu_order":0,"comment_status":"closed","ping_status":"closed","template":"","meta":{"footnotes":""},"class_list":["post-93","page","type-page","status-publish","hentry"],"_links":{"self":[{"href":"https:\/\/www.cleanline.ee\/fi\/wp-json\/wp\/v2\/pages\/93"}],"collection":[{"href":"https:\/\/www.cleanline.ee\/fi\/wp-json\/wp\/v2\/pages"}],"about":[{"href":"https:\/\/www.cleanline.ee\/fi\/wp-json\/wp\/v2\/types\/page"}],"author":[{"embeddable":true,"href":"https:\/\/www.cleanline.ee\/fi\/wp-json\/wp\/v2\/users\/2"}],"replies":[{"embeddable":true,"href":"https:\/\/www.cleanline.ee\/fi\/wp-json\/wp\/v2\/comments?post=93"}],"version-history":[{"count":20,"href":"https:\/\/www.cleanline.ee\/fi\/wp-json\/wp\/v2\/pages\/93\/revisions"}],"predecessor-version":[{"id":945,"href":"https:\/\/www.cleanline.ee\/fi\/wp-json\/wp\/v2\/pages\/93\/revisions\/945"}],"up":[{"embeddable":true,"href":"https:\/\/www.cleanline.ee\/fi\/wp-json\/wp\/v2\/pages\/52"}],"wp:attachment":[{"href":"https:\/\/www.cleanline.ee\/fi\/wp-json\/wp\/v2\/media?parent=93"}],"curies":[{"name":"wp","href":"https:\/\/api.w.org\/{rel}","templated":true}]}}