{"id":52,"date":"2013-06-04T14:54:29","date_gmt":"2013-06-04T14:54:29","guid":{"rendered":"http:\/\/cleanline.digiinfo.ee\/?page_id=52"},"modified":"2017-12-07T08:22:43","modified_gmt":"2017-12-07T08:22:43","slug":"services","status":"publish","type":"page","link":"https:\/\/www.cleanline.ee\/fi\/services\/","title":{"rendered":"Palvelut"},"content":{"rendered":"Klinikkamme tavoitteena on auttaa asiakkaitamme hoitamaan ulkon\u00e4k\u00f6\u00f6n liittyvi\u00e4 ik\u00e4\u00e4ntymisen aiheuttamia sek\u00e4 synnynn\u00e4isi\u00e4 ongelmia. Haluamme auttaa asiakkaitamme parantamaan itseluottamustaan sek\u00e4 lis\u00e4\u00e4m\u00e4\u00e4n heid\u00e4n el\u00e4m\u00e4niloaan.<\/p>\n<p>Toimenpiteemme ovat verett\u00f6mi\u00e4 eiv\u00e4tk\u00e4 aiheuta ep\u00e4miellytt\u00e4vi\u00e4 seurauksia. L\u00e4\u00e4ketieteellinen toimilupa on todiste palvelujemme korkeasta tasosta sek\u00e4 henkil\u00f6kuntamme ammattitaidosta. Tiivis yhteisty\u00f6 alan parhaimpien klinikoiden kanssa Ranskassa, Saksassa, Latviassa sek\u00e4 Ven\u00e4j\u00e4ll\u00e4 mahdollistaa edistyksellisen teknologian, tuotteiden sek\u00e4 alan uusimpien laitteiden k\u00e4yt\u00f6n. K\u00e4ytt\u00e4miemme laserlaitteiden avulla hoidamme iho-ongelmat tehokkaammin muilla virolaisilla klinikoilla k\u00e4ytett\u00e4viin laserlaitteisiin verrattuna.<\/p>\n<p>Klinikkamme sijaitsee k\u00e4tev\u00e4sti aivan Tallinnan keskustassa. Toimitilamme ovat miellytt\u00e4v\u00e4t, palvelumme on asiakasta arvostavaa sek\u00e4 ehdottoman luottamuksellista.","protected":false},"excerpt":{"rendered":"<p>Klinikkamme tavoitteena on auttaa asiakkaitamme hoitamaan ulkon\u00e4k\u00f6\u00f6n liittyvi\u00e4 ik\u00e4\u00e4ntymisen aiheuttamia sek\u00e4 synnynn\u00e4isi\u00e4 ongelmia. Haluamme auttaa asiakkaitamme parantamaan itseluottamustaan sek\u00e4 lis\u00e4\u00e4m\u00e4\u00e4n heid\u00e4n el\u00e4m\u00e4niloaan. Toimenpiteemme ovat verett\u00f6mi\u00e4 eiv\u00e4tk\u00e4 aiheuta ep\u00e4miellytt\u00e4vi\u00e4 seurauksia. L\u00e4\u00e4ketieteellinen toimilupa on todiste palvelujemme korkeasta tasosta sek\u00e4 henkil\u00f6kuntamme ammattitaidosta. Tiivis yhteisty\u00f6 alan parhaimpien klinikoiden kanssa&#8230;<\/p>\n","protected":false},"author":2,"featured_media":0,"parent":0,"menu_order":0,"comment_status":"closed","ping_status":"closed","template":"","meta":{"footnotes":""},"class_list":["post-52","page","type-page","status-publish","hentry"],"_links":{"self":[{"href":"https:\/\/www.cleanline.ee\/fi\/wp-json\/wp\/v2\/pages\/52"}],"collection":[{"href":"https:\/\/www.cleanline.ee\/fi\/wp-json\/wp\/v2\/pages"}],"about":[{"href":"https:\/\/www.cleanline.ee\/fi\/wp-json\/wp\/v2\/types\/page"}],"author":[{"embeddable":true,"href":"https:\/\/www.cleanline.ee\/fi\/wp-json\/wp\/v2\/users\/2"}],"replies":[{"embeddable":true,"href":"https:\/\/www.cleanline.ee\/fi\/wp-json\/wp\/v2\/comments?post=52"}],"version-history":[{"count":13,"href":"https:\/\/www.cleanline.ee\/fi\/wp-json\/wp\/v2\/pages\/52\/revisions"}],"predecessor-version":[{"id":1054,"href":"https:\/\/www.cleanline.ee\/fi\/wp-json\/wp\/v2\/pages\/52\/revisions\/1054"}],"wp:attachment":[{"href":"https:\/\/www.cleanline.ee\/fi\/wp-json\/wp\/v2\/media?parent=52"}],"curies":[{"name":"wp","href":"https:\/\/api.w.org\/{rel}","templated":true}]}}