{"id":497,"date":"2014-07-01T08:24:01","date_gmt":"2014-07-01T08:24:01","guid":{"rendered":"http:\/\/www.cleanline.ee\/?page_id=497"},"modified":"2017-08-29T07:54:19","modified_gmt":"2017-08-29T07:54:19","slug":"mesoniti","status":"publish","type":"page","link":"https:\/\/www.cleanline.ee\/fi\/services\/mesoniti\/","title":{"rendered":"Mesolanga"},"content":{"rendered":"<strong>Mesolankojen vaikutus kasvoille:<\/strong><\/p>\n<li>kollageenin muodustumisen stimulointi ihossa (aktiivisin aika ensimm\u00e4iset 2-3 kuukautta)<\/li>\n<li>kasvojen keski- ja alosan piirteiden paraneminen<\/li>\n<li>ryppyjen silottuminen ja t\u00e4yttyminen. Ero fillerista on se, ett\u00e4 mesolangat eiv\u00e4t aiheuta kasvojen piirteiden suurenemista<\/li>\n<li>kulmakarvojen ja ylaluomien kohotus<\/li>\n<p><strong>Mit\u00e4 tapahtuu kudoksissa:<\/strong><\/p>\n<li>langat hajoavat itsest\u00e4n\u00e4 6-8 kuukauden kuluttua<\/li>\n<li>mink\u00e4\u00e4nlaisia komplikaatioita ei ole todettu<\/li>\n<li>tulos n\u00e4kyy heti toimenpiteen j\u00e4lkeen<\/li>\n<li>k\u00e4siteltyn alueen jatkuva stimulointi<\/li>\n<li>paras tulos n\u00e4ht\u00e4viss\u00e4 n 2-6 kuukauden kuluttua<\/li>\n<p><strong>Hoitoohjeet:<\/strong><\/p>\n<li>ei saa k\u00e4ytt\u00e4\u00e4 alkoholia toimenpidep\u00e4iv\u00e4n\u00e4, eik\u00e4 3 p\u00e4iv\u00e4\u00e4 sen j\u00e4lkeen<\/li>\n<li>ei saa saunoa tai k\u00e4yd\u00e4 uimassa 3-4 p\u00e4iv\u00e4\u00e4 toimeenpiteen j\u00e4lkeen<\/li>\n<li>ei saa muutamaan p\u00e4iv\u00e4\u00e4n harrastaa fyysisesti rasittavia toimintoja<\/li>\n<li>2 viikon aikana ei suositella tulehdusl\u00e4\u00e4kkeit\u00e4<\/li>\n<li>tarvittaess\u00e4 voi k\u00e4ytt\u00e4\u00e4 kylm\u00e4pusseja 3 kertaa p\u00e4iv\u00e4ss\u00e4 (20 minuutia)<\/li>\n<li>voi esinty\u00e4 kipua, mik\u00e4 h\u00e4vi\u00e4\u00e4 muutamassa p\u00e4iv\u00e4ss\u00e4<\/li>\n<li>voi k\u00e4yd\u00e4 suihkussa, mutta ei saa hieroa voimakksasti k\u00e4sittelty\u00e4 aluetta<\/li>\n<p><strong>Mesolankoja voi yhdist\u00e4\u00e4 muihin toimenpiteisiin:<\/strong><\/p>\n<li>laserhoitoja ei ole hyv\u00e4 tehd\u00e4 1 kuukausi ennen tai 1,5 kuukautta mesolankojen j\u00e4lkeen<\/li>\n<li>fillerit \u2013 1,5 \u2013 2 kuukautta lankojen j\u00e4lkeen<\/li>\n<li>lifting \u2013 1 kuukausi lankojen j\u00e4lkeen<\/li>\n<li>hieronta \u2013 1 kuukausi lankojen j\u00e4lkeen<\/li>\n<li>mesoterapia, kemiallinen kuorinta \u2013 2-3 kuukautta lankojen j\u00e4lkeen<\/li>\n<li>yhdess\u00e4 nuorentavien aineiden (autoplasma, AM laastari) kanssa on tulos paljon nopeampi ja pysyv\u00e4mpi<\/li>\n<p><strong>Mesolankoja ei suositella:<\/strong><\/p>\n<li>jos asiakkaalla on taipumus arpikudokseen<\/li>\n<li>jos asiakkaalla on joku tulehdus tai infektio<\/li>\n<li>jos iholla on kasvaimia<\/li>\n<li>jos asiakkaalla on sokeritauti, syd\u00e4nsairaus tai jos asiakas on raskaana tai imett\u00e4\u00e4<\/li>","protected":false},"excerpt":{"rendered":"<p>Mesolankojen vaikutus kasvoille: kollageenin muodustumisen stimulointi ihossa (aktiivisin aika ensimm\u00e4iset 2-3 kuukautta) kasvojen keski- ja alosan piirteiden paraneminen ryppyjen silottuminen ja t\u00e4yttyminen. Ero fillerista on se, ett\u00e4 mesolangat eiv\u00e4t aiheuta kasvojen piirteiden suurenemista kulmakarvojen ja ylaluomien kohotus Mit\u00e4 tapahtuu kudoksissa: langat hajoavat itsest\u00e4n\u00e4 6-8 kuukauden&#8230;<\/p>\n","protected":false},"author":2,"featured_media":0,"parent":52,"menu_order":0,"comment_status":"closed","ping_status":"closed","template":"","meta":{"footnotes":""},"class_list":["post-497","page","type-page","status-publish","hentry"],"_links":{"self":[{"href":"https:\/\/www.cleanline.ee\/fi\/wp-json\/wp\/v2\/pages\/497"}],"collection":[{"href":"https:\/\/www.cleanline.ee\/fi\/wp-json\/wp\/v2\/pages"}],"about":[{"href":"https:\/\/www.cleanline.ee\/fi\/wp-json\/wp\/v2\/types\/page"}],"author":[{"embeddable":true,"href":"https:\/\/www.cleanline.ee\/fi\/wp-json\/wp\/v2\/users\/2"}],"replies":[{"embeddable":true,"href":"https:\/\/www.cleanline.ee\/fi\/wp-json\/wp\/v2\/comments?post=497"}],"version-history":[{"count":14,"href":"https:\/\/www.cleanline.ee\/fi\/wp-json\/wp\/v2\/pages\/497\/revisions"}],"predecessor-version":[{"id":877,"href":"https:\/\/www.cleanline.ee\/fi\/wp-json\/wp\/v2\/pages\/497\/revisions\/877"}],"up":[{"embeddable":true,"href":"https:\/\/www.cleanline.ee\/fi\/wp-json\/wp\/v2\/pages\/52"}],"wp:attachment":[{"href":"https:\/\/www.cleanline.ee\/fi\/wp-json\/wp\/v2\/media?parent=497"}],"curies":[{"name":"wp","href":"https:\/\/api.w.org\/{rel}","templated":true}]}}