{"id":175,"date":"2013-06-10T06:27:03","date_gmt":"2013-06-10T06:27:03","guid":{"rendered":"http:\/\/cleanline.digiinfo.ee\/?page_id=175"},"modified":"2017-08-30T12:58:00","modified_gmt":"2017-08-30T12:58:00","slug":"massage","status":"publish","type":"page","link":"https:\/\/www.cleanline.ee\/fi\/services\/massage\/","title":{"rendered":"Plasmalifting"},"content":{"rendered":"<h2>Elvytt\u00e4v\u00e4 plasma: Tyhjenn\u00e4 ik\u00e4 PRP<\/h2>\n<p>PRP kosmetologi \u2013 ihon nuorentaminen plasma. Meid\u00e4n punaista nestett\u00e4 \u00ac luu on kyky palauttaa \u00ac rehydrating kudoksiin. Niinp\u00e4, jos sormi voi leikata, rikki verta elementtej\u00e4 \u2013 verihiutaleita. Miksi? Ne huomauttavat Chu \u00ac dotvornye proteiinimolekyylej\u00e4 \u2013 kasvutekij\u00f6it\u00e4, jotka ovat nopeasti parantaa ihon. \u00ac IAS tutkia t\u00e4t\u00e4 \u201clahjakkuus\u201d verta, tutkijat pyysiv\u00e4t kysymyksen: miksi ei l\u00e4het\u00e4 se taistella sadan pas \u00ac reniumin? Nyt t\u00e4m\u00e4 menetelm\u00e4 anti-aging aktiivisesti k\u00e4ytt\u00e4\u00e4 kosmeettisten klinikat Australiassa, Etel\u00e4-Afrikassa, Ranskassa ja Italiassa. H\u00e4n \u00e4skett\u00e4in ilmestynyt t\u00e4\u00e4ll\u00e4.<\/p>\n<p>T\u00e4m\u00e4 on anti-aging menettely Plazmolifting tai gemological vahvistaminen ihoa. Tutkijat ovat jo pitk\u00e4\u00e4n tienneet virkist\u00e4vi\u00e4 ominaisuuksia plasma. Se on pieni ihme mahdollista verihiutaleet, jotka tuottavat prothrombin, uudistaa soluja sis\u00e4lt\u00e4. N\u00e4iden aineiden ansiosta, meid\u00e4n veri on todellinen nuoruuden eliksiiri. Injection Oman veren plasman auttaa palauttamaan iholle elastisuutta, poistaa ryppyj\u00e4 ja suojaa kuivumista ja notko. Lis\u00e4ksi Plazmolifting k\u00e4ytet\u00e4\u00e4n est\u00e4m\u00e4\u00e4n ulkon\u00e4k\u00f6 venytys markkaa liittyy nopea painon lasku, sek\u00e4 kuntoutuksen j\u00e4lkeen kemiallisen ja laser pilinga<\/p>\n<p>Jotta saat annoksen anti-aging eliksiiri, sinun on ensin luovuttaa verta. Prosessi tehd\u00e4 ihmeellinen eliksiiri on t\u00e4ysin automatisoitu ja kest\u00e4\u00e4 alle 15 minuuttia. T\u00e4m\u00e4n j\u00e4lkeen l\u00e4\u00e4k\u00e4ri kohtelee ihoa antiseptinen ja vesiliuosta klooriheksidiini\u00e4. Vasta perusteellisen hoitoon plasman ihonsis\u00e4isesti ja ihon alle ruiskutetaan ongelma-alue.<br \/>\nSe voidaan pyyt\u00e4\u00e4, ja mit\u00e4 itse asiassa parempi Plazmolifting t\u00e4llaisia \u200b\u200bmenettelyj\u00e4, jotka ovat my\u00f6s alttiina ihoa sis\u00e4lt\u00e4p\u00e4in? Itse asiassa, Plazmolifting ei voi kutsua toisen \u201ckauneus laukausta.\u201d Toisin kuin saman mesotherapy joka k\u00e4ytt\u00e4\u00e4 homeopaattisia l\u00e4\u00e4kkeit\u00e4, vitamiineja ja hyaluronihappo perustuu Plazmolifting plasmaa k\u00e4ytet\u00e4\u00e4n korkea pitoisuus verihiutaleita. Toisin sanoen, Plazmolifting k\u00e4ytt\u00e4\u00e4 elimist\u00f6n omia varoja, mik\u00e4 minimoi mahdollisuus komplikaatioita, kuten hylk\u00e4\u00e4misen tai infektio.<\/p>\n<p>Lis\u00e4ksi taistelu kauneus tavanomaisilla menetelmill\u00e4 voi johtaa p\u00e4invastainen vaikutus \u2013 ihon tulee tyls\u00e4\u00e4, pergamentille ja ep\u00e4terveellist\u00e4. Syy \u2013 tulvivat ylim\u00e4\u00e4r\u00e4isi\u00e4 aineita. Ei ole mik\u00e4\u00e4n salaisuus, ett\u00e4 jotkut naiset ovat v\u00e4\u00e4rin kosmetologit ja se muuttuu tragedia: ryppyj\u00e4 n\u00e4ytt\u00e4v\u00e4t kelluvan soikea kasvot, notko ihoa. Plazmolifting eliminoi n\u00e4it\u00e4 ilmi\u00f6it\u00e4. Kiitos paikallisen lis\u00e4yksen verihiutaleiden, aktiiviseen kehitt\u00e4miseen kollageeni, hyaluronihappo, iho muuttuu kiinte\u00e4mpi, on terve iho, kasvot objektiivisesti nuorempi.<\/p>\n<p>Ainoa negatiivinen Plazmolifting \u2013 h\u00e4n ei voi olla vaihtoehto plastiikkakirurgia. Plasma injektio s\u00e4\u00e4st\u00e4\u00e4 ryppyj\u00e4, parantaa hipi\u00e4, mutta h\u00e4nell\u00e4 ei ole varaa kirist\u00e4\u00e4 notko ihoa. Lis\u00e4ksi vuodesta Plazmolifting on annettava niille, jotka k\u00e4rsiv\u00e4t systeemist\u00e4 veren sairaudet, ihon tulehdus, allergia anti.<\/p>\n<div class=\"video-container\"><iframe loading=\"lazy\" width=\"560\" height=\"315\" src=\"https:\/\/www.youtube.com\/embed\/Q76KKwpsCqo\" frameborder=\"0\" allowfullscreen><\/iframe><\/div>\n<p><strong>Esteen\u00e4 hoidolle:<\/strong><\/p>\n<li>kest\u00e4v\u00e4 antibioottikuuri<\/li>\n<li>verisairauksia<\/li>\n<li>sy\u00f6p\u00e4<\/li>\n<li>krooninen maksasairaus<\/li>\n<li>verenvuotoh\u00e4iri\u00f6it\u00e4<\/li>\n<li>raskaus<\/li>\n<li>aktiiviset tulehdukset hoitoon teht\u00e4v\u00e4ll\u00e4 alueella<\/li>\n<li>Ihmiset, jotka k\u00e4ytt\u00e4v\u00e4t verenohennusl\u00e4\u00e4kkeit\u00e4<\/li>\n<p>CO2laserhoitoa + Plasmahoitoa suositellaan teht\u00e4v\u00e4n kuurina 2-4 kertaa 4-6 viikon v\u00e4lein.<\/p>\n<div class=\"video-container\"><iframe loading=\"lazy\" width=\"560\" height=\"315\" src=\"https:\/\/www.youtube.com\/embed\/5ReAcKo-kKk\" frameborder=\"0\" allowfullscreen><\/iframe><\/div>","protected":false},"excerpt":{"rendered":"<p>Elvytt\u00e4v\u00e4 plasma: Tyhjenn\u00e4 ik\u00e4 PRP PRP kosmetologi \u2013 ihon nuorentaminen plasma. Meid\u00e4n punaista nestett\u00e4 \u00ac luu on kyky palauttaa \u00ac rehydrating kudoksiin. Niinp\u00e4, jos sormi voi leikata, rikki verta elementtej\u00e4 \u2013 verihiutaleita. Miksi? Ne huomauttavat Chu \u00ac dotvornye proteiinimolekyylej\u00e4 \u2013 kasvutekij\u00f6it\u00e4, jotka ovat nopeasti parantaa&#8230;<\/p>\n","protected":false},"author":2,"featured_media":0,"parent":52,"menu_order":0,"comment_status":"closed","ping_status":"closed","template":"","meta":{"footnotes":""},"class_list":["post-175","page","type-page","status-publish","hentry"],"_links":{"self":[{"href":"https:\/\/www.cleanline.ee\/fi\/wp-json\/wp\/v2\/pages\/175"}],"collection":[{"href":"https:\/\/www.cleanline.ee\/fi\/wp-json\/wp\/v2\/pages"}],"about":[{"href":"https:\/\/www.cleanline.ee\/fi\/wp-json\/wp\/v2\/types\/page"}],"author":[{"embeddable":true,"href":"https:\/\/www.cleanline.ee\/fi\/wp-json\/wp\/v2\/users\/2"}],"replies":[{"embeddable":true,"href":"https:\/\/www.cleanline.ee\/fi\/wp-json\/wp\/v2\/comments?post=175"}],"version-history":[{"count":20,"href":"https:\/\/www.cleanline.ee\/fi\/wp-json\/wp\/v2\/pages\/175\/revisions"}],"predecessor-version":[{"id":966,"href":"https:\/\/www.cleanline.ee\/fi\/wp-json\/wp\/v2\/pages\/175\/revisions\/966"}],"up":[{"embeddable":true,"href":"https:\/\/www.cleanline.ee\/fi\/wp-json\/wp\/v2\/pages\/52"}],"wp:attachment":[{"href":"https:\/\/www.cleanline.ee\/fi\/wp-json\/wp\/v2\/media?parent=175"}],"curies":[{"name":"wp","href":"https:\/\/api.w.org\/{rel}","templated":true}]}}