{"id":162,"date":"2013-06-10T06:04:07","date_gmt":"2013-06-10T06:04:07","guid":{"rendered":"http:\/\/cleanline.digiinfo.ee\/?page_id=162"},"modified":"2017-09-08T07:21:59","modified_gmt":"2017-09-08T07:21:59","slug":"laser-tattoo-removal","status":"publish","type":"page","link":"https:\/\/www.cleanline.ee\/fi\/services\/laser-tattoo-removal\/","title":{"rendered":"Tatuointien poistaminen laserilla"},"content":{"rendered":"<h2 style=\"color:#0848ba;\">Hinta 8\u20ac \/ cm\u00b2<\/h2>\n<p>CleanLine \u2013 klinikalla voidaan poistaa my\u00f6s tatuoinnit sek\u00e4 kestopigmentoinnit Viron ainoan, tatuointien poistamiseen tarkoitetun laserlaiteen avulla, jolla tehdyist\u00e4 toimenpiteist\u00e4 ei aiheudu tulehduksia, arpia eik\u00e4 ihon rakenne vaurioidu eik\u00e4 karvankasvu lis\u00e4\u00e4nny.<\/p>\n<p>Laitteen ainutlaatuisuus perustuu sykkeen pituuteen, mik\u00e4 on 40 pienempi kuin tavallisessa laserlaitteessa, ja jonka ansiosta lasers\u00e4de pystyy hajottamaan tummatkin v\u00e4rihiukkaset, jotka poikkeavat ihon omasta s\u00e4vyst\u00e4. Seuraavien 2-3 viikon kuluessa, solut imev\u00e4t hajotetun v\u00e4rin itseens\u00e4 ja poistuvat ihosta lymfakierron kautta.\u00a0Selv\u00e4t tulokset ovat n\u00e4ht\u00e4viss\u00e4 noin kolmen viikon kuluttua. Toimenpidett\u00e4 ei saa toistaa ennen kuin aikaisintaan 3-4 viikon kuluttua. Tatuointi vaalenee huomattavasti jokaisella toimenpidekerralla, ja h\u00e4vi\u00e4\u00e4 lopuksi kokonaan.<\/p>\n<p>Tatuoinnin poistamiseen tarvittavien toimenpiteiden m\u00e4\u00e4r\u00e4 riippuu tatuoinnista, sill\u00e4 tatuoinneissa k\u00e4ytet\u00e4\u00e4n erilaisia v\u00e4riaineita, ja my\u00f6s v\u00e4rin syvyys ihossa vaihtelee. Mit\u00e4 suurempi ja tiiviimpi tatuointi on, sit\u00e4 useampi toimenpidekerta tarvitaan tatuoinnin poistamiseen. Vaikeimmin poistettavia ovat v\u00e4rikk\u00e4\u00e4t kuvat, ja helpoimmin h\u00e4vi\u00e4v\u00e4t tavalliset mustat sek\u00e4 tummansiniset tatuoinnit.<\/p>\n<p>Samaa menetelm\u00e4\u00e4 k\u00e4ytet\u00e4\u00e4n my\u00f6s h\u00e4iritsevien tai suorastaan ep\u00e4onnistuneiden kestopigmentointien poistamiseen.<\/p>\n<p><img loading=\"lazy\" decoding=\"async\" alt=\"cleanline-tatoo-removal\" src=\"http:\/\/www.cleanline.ee\/wp-content\/uploads\/2013\/06\/cleanline-tatoo-removal.jpg\" width=\"617\" height=\"398\" \/>","protected":false},"excerpt":{"rendered":"<p>Hinta 8\u20ac \/ cm\u00b2 CleanLine \u2013 klinikalla voidaan poistaa my\u00f6s tatuoinnit sek\u00e4 kestopigmentoinnit Viron ainoan, tatuointien poistamiseen tarkoitetun laserlaiteen avulla, jolla tehdyist\u00e4 toimenpiteist\u00e4 ei aiheudu tulehduksia, arpia eik\u00e4 ihon rakenne vaurioidu eik\u00e4 karvankasvu lis\u00e4\u00e4nny. Laitteen ainutlaatuisuus perustuu sykkeen pituuteen, mik\u00e4 on 40 pienempi kuin tavallisessa&#8230;<\/p>\n","protected":false},"author":2,"featured_media":0,"parent":52,"menu_order":0,"comment_status":"closed","ping_status":"closed","template":"","meta":{"footnotes":""},"class_list":["post-162","page","type-page","status-publish","hentry"],"_links":{"self":[{"href":"https:\/\/www.cleanline.ee\/fi\/wp-json\/wp\/v2\/pages\/162"}],"collection":[{"href":"https:\/\/www.cleanline.ee\/fi\/wp-json\/wp\/v2\/pages"}],"about":[{"href":"https:\/\/www.cleanline.ee\/fi\/wp-json\/wp\/v2\/types\/page"}],"author":[{"embeddable":true,"href":"https:\/\/www.cleanline.ee\/fi\/wp-json\/wp\/v2\/users\/2"}],"replies":[{"embeddable":true,"href":"https:\/\/www.cleanline.ee\/fi\/wp-json\/wp\/v2\/comments?post=162"}],"version-history":[{"count":16,"href":"https:\/\/www.cleanline.ee\/fi\/wp-json\/wp\/v2\/pages\/162\/revisions"}],"predecessor-version":[{"id":1009,"href":"https:\/\/www.cleanline.ee\/fi\/wp-json\/wp\/v2\/pages\/162\/revisions\/1009"}],"up":[{"embeddable":true,"href":"https:\/\/www.cleanline.ee\/fi\/wp-json\/wp\/v2\/pages\/52"}],"wp:attachment":[{"href":"https:\/\/www.cleanline.ee\/fi\/wp-json\/wp\/v2\/media?parent=162"}],"curies":[{"name":"wp","href":"https:\/\/api.w.org\/{rel}","templated":true}]}}