{"id":155,"date":"2013-06-10T05:41:16","date_gmt":"2013-06-10T05:41:16","guid":{"rendered":"http:\/\/cleanline.digiinfo.ee\/?page_id=155"},"modified":"2017-09-08T07:36:31","modified_gmt":"2017-09-08T07:36:31","slug":"laser-treatment-for-skin-diseases","status":"publish","type":"page","link":"https:\/\/www.cleanline.ee\/fi\/services\/laser-treatment-for-skin-diseases\/","title":{"rendered":"Iho-ongelmien k\u00e4sittely laserilla"},"content":{"rendered":"<h2 style=\"color:#0848ba;\">Hintoja alkaen 35\u20ac<\/h2>\n<p><strong>CO2 \u2013laserilla voidaan poistaa:<\/strong><\/p>\n<li>papilloomia<\/li>\n<li>syyli\u00e4<\/li>\n<li>k\u00e4nsi\u00e4<\/li>\n<li>muita ihon muodostelmia<\/li>\n<p><strong>Eritt\u00e4in tehokas lasers\u00e4de mahdollistaa erinomaisen lopputuloksen keskitetysti k\u00e4ytettyn\u00e4. Lasertoimenpiteiden etuja ovat:<\/strong><\/p>\n<li>v\u00e4lit\u00f6nt\u00e4 kosketusyhteytt\u00e4 potilaaseen ei muodostu, mik\u00e4 est\u00e4\u00e4 infektioiden levi\u00e4misen (esim. hiv ja hepatiitti)<\/li>\n<li>toimenpiteen syvyytt\u00e4 voidaan s\u00e4\u00e4dell\u00e4<\/li>\n<li>muut kudokset eiv\u00e4t vaurioidu<\/li>\n<li>parantuminen on nopeaa<\/li>\n<li>Hoitohenkil\u00f6st\u00f6mme kertoo toimenpiteist\u00e4 perusteellisemmin vastaanotolla<\/li>","protected":false},"excerpt":{"rendered":"<p>Hintoja alkaen 35\u20ac CO2 \u2013laserilla voidaan poistaa: papilloomia syyli\u00e4 k\u00e4nsi\u00e4 muita ihon muodostelmia Eritt\u00e4in tehokas lasers\u00e4de mahdollistaa erinomaisen lopputuloksen keskitetysti k\u00e4ytettyn\u00e4. Lasertoimenpiteiden etuja ovat: v\u00e4lit\u00f6nt\u00e4 kosketusyhteytt\u00e4 potilaaseen ei muodostu, mik\u00e4 est\u00e4\u00e4 infektioiden levi\u00e4misen (esim. hiv ja hepatiitti) toimenpiteen syvyytt\u00e4 voidaan s\u00e4\u00e4dell\u00e4 muut kudokset eiv\u00e4t vaurioidu&#8230;<\/p>\n","protected":false},"author":2,"featured_media":0,"parent":52,"menu_order":0,"comment_status":"closed","ping_status":"closed","template":"","meta":{"footnotes":""},"class_list":["post-155","page","type-page","status-publish","hentry"],"_links":{"self":[{"href":"https:\/\/www.cleanline.ee\/fi\/wp-json\/wp\/v2\/pages\/155"}],"collection":[{"href":"https:\/\/www.cleanline.ee\/fi\/wp-json\/wp\/v2\/pages"}],"about":[{"href":"https:\/\/www.cleanline.ee\/fi\/wp-json\/wp\/v2\/types\/page"}],"author":[{"embeddable":true,"href":"https:\/\/www.cleanline.ee\/fi\/wp-json\/wp\/v2\/users\/2"}],"replies":[{"embeddable":true,"href":"https:\/\/www.cleanline.ee\/fi\/wp-json\/wp\/v2\/comments?post=155"}],"version-history":[{"count":20,"href":"https:\/\/www.cleanline.ee\/fi\/wp-json\/wp\/v2\/pages\/155\/revisions"}],"predecessor-version":[{"id":1013,"href":"https:\/\/www.cleanline.ee\/fi\/wp-json\/wp\/v2\/pages\/155\/revisions\/1013"}],"up":[{"embeddable":true,"href":"https:\/\/www.cleanline.ee\/fi\/wp-json\/wp\/v2\/pages\/52"}],"wp:attachment":[{"href":"https:\/\/www.cleanline.ee\/fi\/wp-json\/wp\/v2\/media?parent=155"}],"curies":[{"name":"wp","href":"https:\/\/api.w.org\/{rel}","templated":true}]}}