{"id":1239,"date":"2025-09-02T08:29:57","date_gmt":"2025-09-02T05:29:57","guid":{"rendered":"https:\/\/www.cleanline.ee\/?page_id=1239"},"modified":"2025-09-03T11:42:02","modified_gmt":"2025-09-03T08:42:02","slug":"naha-noorendamine-juvelook-ja-lesnina","status":"publish","type":"page","link":"https:\/\/www.cleanline.ee\/fi\/services\/naha-noorendamine-juvelook-ja-lesnina\/","title":{"rendered":"ihosi nuoruuden Juvelook ja Lesnina"},"content":{"rendered":"<h2>Juvelook &amp; Lenisna \u2013 ihosi nuoruuden salaisuus<\/h2>\n<p><strong>Luonnollista kauneutta tieteen avulla<\/strong><\/p>\n<p>Haluatko palauttaa ihosi hehkun, kimmoisuuden ja elastisuuden ilman liiallista volyymia tai keinotekoista vaikutelmaa?<br \/>\nJuvelook ja Lenisna ovat uuden sukupolven skin boosterit, jotka yhdist\u00e4v\u00e4t polymaitohapon (PDLLA) ja hyaluronihapon. Ne stimuloivat luonnollista kollageenin tuotantoa ja tarjoavat pitk\u00e4kestoisia tuloksia.<\/p>\n<h3>Juvelook \u2013 hell\u00e4varainen nuorentaja<\/h3>\n<p>\u2728 T\u00e4ydellinen valinta heille, jotka kaipaavat raikkautta ja luonnollista hehkua ilman ylim\u00e4\u00e4r\u00e4ist\u00e4 t\u00e4ytel\u00e4isyytt\u00e4.<\/p>\n<ul>\n<li>Vaikuttaa ihon pinnallisissa ja keskimm\u00e4isiss\u00e4 kerroksissa.<\/li>\n<li>Tarjoaa v\u00e4lit\u00f6nt\u00e4 kosteutusta ja siloittumista.<\/li>\n<li>Sopii herkille alueille: silmien ymp\u00e4rille, kaulalle, dekolteelle ja k\u00e4sille.<\/li>\n<li>V\u00e4hent\u00e4\u00e4 pieni\u00e4 ryppyj\u00e4, palauttaa ihon kimmoisuuden ja sile\u00e4n rakenteen.<\/li>\n<li>Tehokas my\u00f6s arpiin ja raskausarpiin.<\/li>\n<\/ul>\n<p><strong>Tulokset:<\/strong> n\u00e4kyv\u00e4t v\u00e4hitellen ja kest\u00e4v\u00e4t jopa 6\u201312 kuukautta.<\/p>\n<h3>Lenisna \u2013 syv\u00e4 korjaaja<\/h3>\n<p>Jos haluat enemm\u00e4n kuin vain sileytt\u00e4 \u2013 Lenisna on suunniteltu tilavuuden menetyksen ja kudosten veltostumisen korjaamiseen.<\/p>\n<ul>\n<li>Vaikuttaa ihon syvemmiss\u00e4 kerroksissa.<\/li>\n<li>Antaa vahvan kohottavan vaikutuksen ja palauttaa kasvojen piirteit\u00e4.<\/li>\n<li>T\u00e4ydellinen kasvojen ovaalin, poskien, leuan ja alakasvojen korjaamiseen.<\/li>\n<li>Soveltuu my\u00f6s vartalolle: reidet, pakarat ja muut alueet, joilla on havaittavissa veltostumista.<\/li>\n<li>Stimuloi tehokkaasti uuden kollageenin muodostumista, tehden ihosta kiinte\u00e4mm\u00e4n ja nuorekkaamman.<\/li>\n<\/ul>\n<h3>Juvelook vai Lenisna? Vai molemmat?<\/h3>\n<ul>\n<li>Juvelook \u2013 paras valinta herkille alueille ja kevyeen nuorennukseen.<\/li>\n<li>Lenisna \u2013 syvempiin kudoksiin, volyymin palauttamiseen ja kiinteytykseen.<\/li>\n<\/ul>\n<p>Yhdistettyn\u00e4 ne tarjoavat t\u00e4ydellisen ja luonnollisen nuorentavan vaikutuksen, joka korostaa kauneuttasi parhaalla mahdollisella tavalla.<\/p>\n<h3>Miksi valita Juvelook ja Lenisna?<\/h3>\n<ul>\n<li>\u2714 Luonnolliset ja v\u00e4hitellen n\u00e4kyv\u00e4t tulokset<\/li>\n<li>\u2714 Ei &#8220;keinotekoista&#8221; vaikutusta<\/li>\n<li>\u2714 Sopivat sek\u00e4 kasvoille ett\u00e4 vartalolle<\/li>\n<li>\u2714 Pitk\u00e4kestoinen vaikutus \u2013 jopa 1 vuosi<\/li>\n<li>\u2714 Turvallinen ja tieteellisesti todistettu<\/li>\n<\/ul>\n<h3>Sijoitus ihosi tulevaisuuteen \u2728<\/h3>\n<p>Juvelookin ja Lenisnan avulla voit saavuttaa raikkaan, hehkuvan ja nuorekkaan ihon ilman raskaita toimenpiteit\u00e4.<br \/>\n<strong> Varaa aika jo t\u00e4n\u00e4\u00e4n<\/strong> ja koe, kuinka ihosi muuttuu p\u00e4iv\u00e4 p\u00e4iv\u00e4lt\u00e4 kauniimmaksi!<\/p>\n<p><a href=\"http:\/\/www.cleanline.ee\/wp-content\/uploads\/2025\/09\/Picture2.png\"><img loading=\"lazy\" decoding=\"async\" class=\"alignnone size-medium wp-image-1241\" src=\"http:\/\/www.cleanline.ee\/wp-content\/uploads\/2025\/09\/Picture2-193x300.png\" alt=\"\" width=\"193\" height=\"300\" srcset=\"https:\/\/www.cleanline.ee\/wp-content\/uploads\/2025\/09\/Picture2-193x300.png 193w, https:\/\/www.cleanline.ee\/wp-content\/uploads\/2025\/09\/Picture2.png 302w\" sizes=\"(max-width: 193px) 100vw, 193px\" \/><\/a> <a href=\"http:\/\/www.cleanline.ee\/wp-content\/uploads\/2025\/09\/Picture1.png\"><img loading=\"lazy\" decoding=\"async\" class=\"alignnone size-medium wp-image-1240\" src=\"http:\/\/www.cleanline.ee\/wp-content\/uploads\/2025\/09\/Picture1-194x300.png\" alt=\"\" width=\"194\" height=\"300\" srcset=\"https:\/\/www.cleanline.ee\/wp-content\/uploads\/2025\/09\/Picture1-194x300.png 194w, https:\/\/www.cleanline.ee\/wp-content\/uploads\/2025\/09\/Picture1.png 318w\" sizes=\"(max-width: 194px) 100vw, 194px\" \/><\/a><\/p>\n<p>&nbsp;<\/p>\n<h2>Lesnina<\/h2>\n<p>&nbsp;<\/p>\n<p><a href=\"http:\/\/www.cleanline.ee\/wp-content\/uploads\/2025\/09\/Picture3.png\"><img loading=\"lazy\" decoding=\"async\" class=\"alignnone size-medium wp-image-1242\" src=\"http:\/\/www.cleanline.ee\/wp-content\/uploads\/2025\/09\/Picture3-300x300.png\" alt=\"\" width=\"300\" height=\"300\" srcset=\"https:\/\/www.cleanline.ee\/wp-content\/uploads\/2025\/09\/Picture3-300x300.png 300w, https:\/\/www.cleanline.ee\/wp-content\/uploads\/2025\/09\/Picture3-150x150.png 150w, https:\/\/www.cleanline.ee\/wp-content\/uploads\/2025\/09\/Picture3-233x233.png 233w, https:\/\/www.cleanline.ee\/wp-content\/uploads\/2025\/09\/Picture3-263x263.png 263w, https:\/\/www.cleanline.ee\/wp-content\/uploads\/2025\/09\/Picture3-360x360.png 360w, https:\/\/www.cleanline.ee\/wp-content\/uploads\/2025\/09\/Picture3.png 462w\" sizes=\"(max-width: 300px) 100vw, 300px\" \/><\/a> <a href=\"http:\/\/www.cleanline.ee\/wp-content\/uploads\/2025\/09\/Picture4.png\"><img loading=\"lazy\" decoding=\"async\" class=\"alignnone size-medium wp-image-1243\" src=\"http:\/\/www.cleanline.ee\/wp-content\/uploads\/2025\/09\/Picture4-300x300.png\" alt=\"\" width=\"300\" height=\"300\" srcset=\"https:\/\/www.cleanline.ee\/wp-content\/uploads\/2025\/09\/Picture4-300x300.png 300w, https:\/\/www.cleanline.ee\/wp-content\/uploads\/2025\/09\/Picture4-150x150.png 150w, https:\/\/www.cleanline.ee\/wp-content\/uploads\/2025\/09\/Picture4-233x233.png 233w, https:\/\/www.cleanline.ee\/wp-content\/uploads\/2025\/09\/Picture4-263x263.png 263w, https:\/\/www.cleanline.ee\/wp-content\/uploads\/2025\/09\/Picture4-360x360.png 360w, https:\/\/www.cleanline.ee\/wp-content\/uploads\/2025\/09\/Picture4.png 477w\" sizes=\"(max-width: 300px) 100vw, 300px\" \/><\/a>","protected":false},"excerpt":{"rendered":"<p>Juvelook &amp; Lenisna \u2013 ihosi nuoruuden salaisuus Luonnollista kauneutta tieteen avulla Haluatko palauttaa ihosi hehkun, kimmoisuuden ja elastisuuden ilman liiallista volyymia tai keinotekoista vaikutelmaa? Juvelook ja Lenisna ovat uuden sukupolven skin boosterit, jotka yhdist\u00e4v\u00e4t polymaitohapon (PDLLA) ja hyaluronihapon. Ne stimuloivat luonnollista kollageenin tuotantoa ja tarjoavat&#8230;<\/p>\n","protected":false},"author":4,"featured_media":0,"parent":52,"menu_order":0,"comment_status":"closed","ping_status":"closed","template":"","meta":{"footnotes":""},"class_list":["post-1239","page","type-page","status-publish","hentry"],"_links":{"self":[{"href":"https:\/\/www.cleanline.ee\/fi\/wp-json\/wp\/v2\/pages\/1239"}],"collection":[{"href":"https:\/\/www.cleanline.ee\/fi\/wp-json\/wp\/v2\/pages"}],"about":[{"href":"https:\/\/www.cleanline.ee\/fi\/wp-json\/wp\/v2\/types\/page"}],"author":[{"embeddable":true,"href":"https:\/\/www.cleanline.ee\/fi\/wp-json\/wp\/v2\/users\/4"}],"replies":[{"embeddable":true,"href":"https:\/\/www.cleanline.ee\/fi\/wp-json\/wp\/v2\/comments?post=1239"}],"version-history":[{"count":6,"href":"https:\/\/www.cleanline.ee\/fi\/wp-json\/wp\/v2\/pages\/1239\/revisions"}],"predecessor-version":[{"id":1253,"href":"https:\/\/www.cleanline.ee\/fi\/wp-json\/wp\/v2\/pages\/1239\/revisions\/1253"}],"up":[{"embeddable":true,"href":"https:\/\/www.cleanline.ee\/fi\/wp-json\/wp\/v2\/pages\/52"}],"wp:attachment":[{"href":"https:\/\/www.cleanline.ee\/fi\/wp-json\/wp\/v2\/media?parent=1239"}],"curies":[{"name":"wp","href":"https:\/\/api.w.org\/{rel}","templated":true}]}}