{"id":1177,"date":"2019-12-10T12:01:56","date_gmt":"2019-12-10T12:01:56","guid":{"rendered":"http:\/\/www.cleanline.ee\/?page_id=1177"},"modified":"2019-12-11T08:39:33","modified_gmt":"2019-12-11T08:39:33","slug":"hifu-smas-lifting-nao-ja-keha-lifting","status":"publish","type":"page","link":"https:\/\/www.cleanline.ee\/fi\/services\/hifu-smas-lifting-nao-ja-keha-lifting\/","title":{"rendered":"HIFU SMAS-lifting"},"content":{"rendered":"<img loading=\"lazy\" decoding=\"async\" class=\"aligncenter size-full wp-image-1179\" src=\"http:\/\/www.cleanline.ee\/wp-content\/uploads\/2019\/12\/smas.jpg\" alt=\"\" width=\"960\" height=\"960\" srcset=\"https:\/\/www.cleanline.ee\/wp-content\/uploads\/2019\/12\/smas.jpg 960w, https:\/\/www.cleanline.ee\/wp-content\/uploads\/2019\/12\/smas-150x150.jpg 150w, https:\/\/www.cleanline.ee\/wp-content\/uploads\/2019\/12\/smas-300x300.jpg 300w, https:\/\/www.cleanline.ee\/wp-content\/uploads\/2019\/12\/smas-768x768.jpg 768w, https:\/\/www.cleanline.ee\/wp-content\/uploads\/2019\/12\/smas-233x233.jpg 233w, https:\/\/www.cleanline.ee\/wp-content\/uploads\/2019\/12\/smas-263x263.jpg 263w, https:\/\/www.cleanline.ee\/wp-content\/uploads\/2019\/12\/smas-360x360.jpg 360w\" sizes=\"(max-width: 960px) 100vw, 960px\" \/><\/p>\n<p>Klinikkamme tarjoavat mahdollisuuden kohentaa l\u00f6ystym\u00e4\u00e4n taipuvaa ihoa eritt\u00e4in tehokkaalla toimenpiteell\u00e4. T\u00e4m\u00e4 hoito sopii ennen kaikkea niille, jotka eiv\u00e4t halua plastisen kirurgian apua. Kiinteytt\u00e4v\u00e4 HIFU-hoito perustuu kohdistettuun ultra\u00e4\u00e4nienergiaan, joka kiihdytt\u00e4\u00e4 kollageenin tuotantoa ja iho ik\u00e4\u00e4n kuin uudistaa itse itse\u00e4\u00e4n. Hoito tasoittaa juonteita ja k\u00e4sitelty alue napakoituu silminn\u00e4hden. Kivuttoman ja todella tehokkaan hoitomuodon tulokset ovat n\u00e4ht\u00e4viss\u00e4 muutaman viikon kuluttua hoidosta. Toimenpide kest\u00e4\u00e4 n.1\u20132 h riippuen k\u00e4sitelt\u00e4vien alueiden m\u00e4\u00e4r\u00e4st\u00e4. Samana p\u00e4iv\u00e4n\u00e4 toimenpiteen j\u00e4lkeen ei saisi pest\u00e4 kasvoja kuumalla vedell\u00e4, lis\u00e4ksi saunaa ja hiostavia treenej\u00e4 tulee v\u00e4ltt\u00e4\u00e4 seuraavan viikon ajan toimenpiteest\u00e4. Kollageenis\u00e4ikeiden uusiutuminen vie aikaa, joten lopullinen tulos voi alkaa n\u00e4ky\u00e4 2\u20133 kk p\u00e4\u00e4st\u00e4. Tarvittaessa hoito voidaan uusia kolmen kuukauden kuluttua. HIFU-hoidon saavuttamat tulokset voivat pysy\u00e4 jopa kaksi vuotta. HIFU-hoito sopii niin miehille kuin naisille!<\/p>\n<p><img loading=\"lazy\" decoding=\"async\" class=\"aligncenter size-full wp-image-1182\" src=\"http:\/\/www.cleanline.ee\/wp-content\/uploads\/2019\/12\/hifu-how-it-works-1.jpg\" alt=\"\" width=\"780\" height=\"529\" srcset=\"https:\/\/www.cleanline.ee\/wp-content\/uploads\/2019\/12\/hifu-how-it-works-1.jpg 780w, https:\/\/www.cleanline.ee\/wp-content\/uploads\/2019\/12\/hifu-how-it-works-1-300x203.jpg 300w, https:\/\/www.cleanline.ee\/wp-content\/uploads\/2019\/12\/hifu-how-it-works-1-768x521.jpg 768w\" sizes=\"(max-width: 780px) 100vw, 780px\" \/><\/p>\n<p><strong>Esteet HIFU-hoidolle<\/strong><\/p>\n<ul>\n<li>haavat ja tulehdukset iholla<\/li>\n<li>vaikea akne<\/li>\n<li>syd\u00e4mentahdistin<\/li>\n<li>epilepsia<\/li>\n<li>diabetes<\/li>\n<li>hammasimplantit k\u00e4sitelt\u00e4v\u00e4ll\u00e4 alueella<\/li>\n<li>t\u00e4yteaineet k\u00e4sitelt\u00e4v\u00e4ll\u00e4 alueella<\/li>\n<li>sy\u00f6p\u00e4<\/li>\n<li>raskaus<\/li>\n<\/ul>\n<p><img loading=\"lazy\" decoding=\"async\" class=\"size-large wp-image-1185 alignnone\" src=\"http:\/\/www.cleanline.ee\/wp-content\/uploads\/2019\/12\/meta-big_1548409629-1024x263.jpg\" alt=\"\" width=\"940\" height=\"241\" srcset=\"https:\/\/www.cleanline.ee\/wp-content\/uploads\/2019\/12\/meta-big_1548409629-1024x263.jpg 1024w, https:\/\/www.cleanline.ee\/wp-content\/uploads\/2019\/12\/meta-big_1548409629-300x77.jpg 300w, https:\/\/www.cleanline.ee\/wp-content\/uploads\/2019\/12\/meta-big_1548409629-768x197.jpg 768w, https:\/\/www.cleanline.ee\/wp-content\/uploads\/2019\/12\/meta-big_1548409629.jpg 1170w\" sizes=\"(max-width: 940px) 100vw, 940px\" \/><\/p>\n<p><strong>Toimenpide<\/strong><\/p>\n<p>Ennen toimenpidett\u00e4 k\u00e4yd\u00e4\u00e4n keskustelu hoitajan kanssa. Toimenpide kest\u00e4\u00e4 alueesta riippuen 1-2 tuntia. Kasvoille tai muulle vartalon osalle levitet\u00e4\u00e4n pehment\u00e4v\u00e4\u00e4 geeli\u00e4. Hoitaja merkitsee alueen ja alkaa sitten k\u00e4sitell\u00e4 sit\u00e4 laitteella. Toimenpide on l\u00e4hes kivuton, voidaan tuntea vain pient\u00e4 pistely\u00e4.<\/p>\n<p><strong>\u00a0<\/strong>","protected":false},"excerpt":{"rendered":"<p>Klinikkamme tarjoavat mahdollisuuden kohentaa l\u00f6ystym\u00e4\u00e4n taipuvaa ihoa eritt\u00e4in tehokkaalla toimenpiteell\u00e4. T\u00e4m\u00e4 hoito sopii ennen kaikkea niille, jotka eiv\u00e4t halua plastisen kirurgian apua. Kiinteytt\u00e4v\u00e4 HIFU-hoito perustuu kohdistettuun ultra\u00e4\u00e4nienergiaan, joka kiihdytt\u00e4\u00e4 kollageenin tuotantoa ja iho ik\u00e4\u00e4n kuin uudistaa itse itse\u00e4\u00e4n. Hoito tasoittaa juonteita ja k\u00e4sitelty alue napakoituu&#8230;<\/p>\n","protected":false},"author":2,"featured_media":0,"parent":52,"menu_order":0,"comment_status":"closed","ping_status":"closed","template":"","meta":{"footnotes":""},"class_list":["post-1177","page","type-page","status-publish","hentry"],"_links":{"self":[{"href":"https:\/\/www.cleanline.ee\/fi\/wp-json\/wp\/v2\/pages\/1177"}],"collection":[{"href":"https:\/\/www.cleanline.ee\/fi\/wp-json\/wp\/v2\/pages"}],"about":[{"href":"https:\/\/www.cleanline.ee\/fi\/wp-json\/wp\/v2\/types\/page"}],"author":[{"embeddable":true,"href":"https:\/\/www.cleanline.ee\/fi\/wp-json\/wp\/v2\/users\/2"}],"replies":[{"embeddable":true,"href":"https:\/\/www.cleanline.ee\/fi\/wp-json\/wp\/v2\/comments?post=1177"}],"version-history":[{"count":4,"href":"https:\/\/www.cleanline.ee\/fi\/wp-json\/wp\/v2\/pages\/1177\/revisions"}],"predecessor-version":[{"id":1191,"href":"https:\/\/www.cleanline.ee\/fi\/wp-json\/wp\/v2\/pages\/1177\/revisions\/1191"}],"up":[{"embeddable":true,"href":"https:\/\/www.cleanline.ee\/fi\/wp-json\/wp\/v2\/pages\/52"}],"wp:attachment":[{"href":"https:\/\/www.cleanline.ee\/fi\/wp-json\/wp\/v2\/media?parent=1177"}],"curies":[{"name":"wp","href":"https:\/\/api.w.org\/{rel}","templated":true}]}}