{"id":1144,"date":"2019-05-13T13:55:11","date_gmt":"2019-05-13T13:55:11","guid":{"rendered":"http:\/\/www.cleanline.ee\/?page_id=1144"},"modified":"2019-05-13T14:28:55","modified_gmt":"2019-05-13T14:28:55","slug":"laserkoorimine-susinikuga-carbon-laser-peel","status":"publish","type":"page","link":"https:\/\/www.cleanline.ee\/fi\/services\/laserkoorimine-susinikuga-carbon-laser-peel\/","title":{"rendered":"Carbon laser kasvohoito"},"content":{"rendered":"<img loading=\"lazy\" decoding=\"async\" class=\"size-full wp-image-1150\" src=\"http:\/\/www.cleanline.ee\/wp-content\/uploads\/2019\/05\/karbon-zastavka.jpg\" alt=\"\" width=\"600\" height=\"338\" srcset=\"https:\/\/www.cleanline.ee\/wp-content\/uploads\/2019\/05\/karbon-zastavka.jpg 600w, https:\/\/www.cleanline.ee\/wp-content\/uploads\/2019\/05\/karbon-zastavka-300x169.jpg 300w, https:\/\/www.cleanline.ee\/wp-content\/uploads\/2019\/05\/karbon-zastavka-196x111.jpg 196w, https:\/\/www.cleanline.ee\/wp-content\/uploads\/2019\/05\/karbon-zastavka-223x127.jpg 223w, https:\/\/www.cleanline.ee\/wp-content\/uploads\/2019\/05\/karbon-zastavka-313x177.jpg 313w, https:\/\/www.cleanline.ee\/wp-content\/uploads\/2019\/05\/karbon-zastavka-308x174.jpg 308w, https:\/\/www.cleanline.ee\/wp-content\/uploads\/2019\/05\/karbon-zastavka-350x198.jpg 350w, https:\/\/www.cleanline.ee\/wp-content\/uploads\/2019\/05\/karbon-zastavka-460x260.jpg 460w\" sizes=\"(max-width: 600px) 100vw, 600px\" \/><\/p>\n<p>Turvallinen ja lempe\u00e4 hoito KAIKILLE ihotyypeille. Ihoa tehokkaasti puhdistava, ihohuokosia supistava, tulehduksia lievitt\u00e4v\u00e4 ja ihon pintaa tasoittava sek\u00e4 kirkastava hoito. N\u00e4kyvi\u00e4 tuloksia V\u00c4LITT\u00d6M\u00c4STI yhden hoitokerran j\u00e4lkeen.<\/p>\n<p><strong>HUOM, teho s\u00e4\u00e4det\u00e4\u00e4n hoidettavan ongelman ja ihotyypin mukaan!<\/strong><\/p>\n<ul>\n<li>Kaikki aknetyypit (komedoakne, mekaaninen akne, papulopustulaarinen akne, jne)<\/li>\n<li>Ruusufinni<\/li>\n<li>Sekaiho<\/li>\n<li>Rasvainen iho<\/li>\n<li>Kuiva iho \/ ekseemaiho<\/li>\n<li>Ennenaikainen ik\u00e4\u00e4ntyminen \/ juonteet ja pigmentaatio<\/li>\n<\/ul>\n<p><strong>HOIDOSTA<\/strong><\/p>\n<p>Hiili puhdistaa ihoa adsorboimalla ymp\u00e4rist\u00f6myrkyt, ep\u00e4puhtaudet ja imee itseens\u00e4 rasvaa syv\u00e4lt\u00e4 ihohuokosista. Aktiivihiilell\u00e4 on tulehduksia rauhoittavavia vaikutuksia, antibakteerisia ja antimykoottisia vaikutuksia.<\/p>\n<ul>\n<li>Laser k\u00e4sittely: Matalataajuisella laser valolla k\u00e4sitell\u00e4\u00e4n kasvojen alue kauttaaltaan.<\/li>\n<li>Hoidon j\u00e4lkeen ihosi voi v\u00e4litt\u00f6m\u00e4sti paremmin ja tuntuu pehme\u00e4lt\u00e4.<\/li>\n<li>Ei palautumisaikaa!<\/li>\n<li>K\u00e4ytetyt tuotteet eiv\u00e4t sis\u00e4ll\u00e4 keinotekoisia hajusteita, v\u00e4riaineita eik\u00e4 parabeeneja. Ihotautil\u00e4\u00e4k\u00e4reiden hyv\u00e4ksym\u00e4, allergia testatut ja hyv\u00e4ksyt. Ei ole testattu el\u00e4imill\u00e4.<\/li>\n<\/ul>\n<p>Huomaat parannusta ihosi kunnossa jokaisen hoidon j\u00e4lkeen. Ihoterapeutti suosittelee tarvittaessa sarjahoidon m\u00e4\u00e4r\u00e4n ihon kunnon mukaan + ihon kotihoito suositukset tukemaan hoidon tuloksia. Sarjahoidon hoitov\u00e4li suositellaan 2-4 viikon v\u00e4lein maksimaalisen tuloksen saavuttamiseksi. Yll\u00e4pitoa varten hoitoa suositellaan 1-3 kuukauden v\u00e4lein.<\/p>\n<p>Halutessasi voit varata hoidon, jolloin konsultaatio pidet\u00e4\u00e4n ennen toimenpiteen aloittamista. Voit varata veloituksettoman konsultaatiok\u00e4ynnin my\u00f6s erikseen.<\/p>\n<p><strong>Hoitoa ei voida tehd\u00e4:<\/strong><\/p>\n<ul>\n<li>Jos olet raskaana tai imet\u00e4t<\/li>\n<li>Vakava sairaus<\/li>\n<li>Vahvat l\u00e4\u00e4kitykset (antibiootti, roaccutan jne.)<\/li>\n<\/ul>\n<p><img loading=\"lazy\" decoding=\"async\" class=\"size-full wp-image-1149 alignnone\" src=\"http:\/\/www.cleanline.ee\/wp-content\/uploads\/2019\/05\/karbon-2.jpg\" alt=\"\" width=\"600\" height=\"415\" srcset=\"https:\/\/www.cleanline.ee\/wp-content\/uploads\/2019\/05\/karbon-2.jpg 600w, https:\/\/www.cleanline.ee\/wp-content\/uploads\/2019\/05\/karbon-2-300x208.jpg 300w\" sizes=\"(max-width: 600px) 100vw, 600px\" \/><\/p>\n<p><img loading=\"lazy\" decoding=\"async\" class=\"size-full wp-image-1151 alignnone\" src=\"http:\/\/www.cleanline.ee\/wp-content\/uploads\/2019\/05\/karbon3.jpg\" alt=\"\" width=\"600\" height=\"354\" srcset=\"https:\/\/www.cleanline.ee\/wp-content\/uploads\/2019\/05\/karbon3.jpg 600w, https:\/\/www.cleanline.ee\/wp-content\/uploads\/2019\/05\/karbon3-300x177.jpg 300w\" sizes=\"(max-width: 600px) 100vw, 600px\" \/>","protected":false},"excerpt":{"rendered":"<p>Turvallinen ja lempe\u00e4 hoito KAIKILLE ihotyypeille. Ihoa tehokkaasti puhdistava, ihohuokosia supistava, tulehduksia lievitt\u00e4v\u00e4 ja ihon pintaa tasoittava sek\u00e4 kirkastava hoito. N\u00e4kyvi\u00e4 tuloksia V\u00c4LITT\u00d6M\u00c4STI yhden hoitokerran j\u00e4lkeen. HUOM, teho s\u00e4\u00e4det\u00e4\u00e4n hoidettavan ongelman ja ihotyypin mukaan! Kaikki aknetyypit (komedoakne, mekaaninen akne, papulopustulaarinen akne, jne) Ruusufinni Sekaiho Rasvainen&#8230;<\/p>\n","protected":false},"author":2,"featured_media":0,"parent":52,"menu_order":0,"comment_status":"closed","ping_status":"closed","template":"","meta":{"footnotes":""},"class_list":["post-1144","page","type-page","status-publish","hentry"],"_links":{"self":[{"href":"https:\/\/www.cleanline.ee\/fi\/wp-json\/wp\/v2\/pages\/1144"}],"collection":[{"href":"https:\/\/www.cleanline.ee\/fi\/wp-json\/wp\/v2\/pages"}],"about":[{"href":"https:\/\/www.cleanline.ee\/fi\/wp-json\/wp\/v2\/types\/page"}],"author":[{"embeddable":true,"href":"https:\/\/www.cleanline.ee\/fi\/wp-json\/wp\/v2\/users\/2"}],"replies":[{"embeddable":true,"href":"https:\/\/www.cleanline.ee\/fi\/wp-json\/wp\/v2\/comments?post=1144"}],"version-history":[{"count":3,"href":"https:\/\/www.cleanline.ee\/fi\/wp-json\/wp\/v2\/pages\/1144\/revisions"}],"predecessor-version":[{"id":1153,"href":"https:\/\/www.cleanline.ee\/fi\/wp-json\/wp\/v2\/pages\/1144\/revisions\/1153"}],"up":[{"embeddable":true,"href":"https:\/\/www.cleanline.ee\/fi\/wp-json\/wp\/v2\/pages\/52"}],"wp:attachment":[{"href":"https:\/\/www.cleanline.ee\/fi\/wp-json\/wp\/v2\/media?parent=1144"}],"curies":[{"name":"wp","href":"https:\/\/api.w.org\/{rel}","templated":true}]}}