{"id":1121,"date":"2019-02-25T14:57:26","date_gmt":"2019-02-25T14:57:26","guid":{"rendered":"http:\/\/www.cleanline.ee\/?page_id=1121"},"modified":"2025-09-01T20:39:15","modified_gmt":"2025-09-01T17:39:15","slug":"botoksi-sustid","status":"publish","type":"page","link":"https:\/\/www.cleanline.ee\/fi\/services\/botoksi-sustid\/","title":{"rendered":"Botuliinitoksiini-pistokset (botox)"},"content":{"rendered":"<em>Botulinum toxin injection (engl.)<\/em><\/p>\n<p>Botuliinitoksiini-pistosten tarkoituksena on rentouttaa lihaksia ja v\u00e4hent\u00e4\u00e4 ns. mimiikkaryppyjen syntymist\u00e4 kasvoissa. Tunnetuimmat botuliinitoksiini-pistosten tuotemerkit ovat Botox, Dysport ja Vistabel.<\/p>\n<p>Botuliinitoksiini est\u00e4\u00e4 lihasten sulkeutumista aiheuttavan hermoimpulssin. Tuloksena j\u00e4\u00e4v\u00e4t lihakset pidemm\u00e4ksi ajaksi rennoiksi. Ajan kuluessa hermoimpulssi palautuu ja pistosten vaikutus v\u00e4henee.<\/p>\n<p><strong>1) Ryppyjen hoito botuliinitoksiinilla<\/strong><\/p>\n<p>Botuliinitoksiini pistet\u00e4\u00e4n pienen neulan avulla suoraan ryppyj\u00e4 aiheuttaviin lihaksiin. Yleens\u00e4 t\u00e4ytyy yhdelle alueelle tehd\u00e4 useampi pistos. T\u00e4llaisella tekniikalla on helpointa korjata ryppyj\u00e4, jotka syntyv\u00e4t kasvojen lihaksiston jatkuvan liikkeen tuloksena (ilmejuonteita). N\u00e4it\u00e4 ovat esimerkiksi:<\/p>\n<p>\u2022 vaakasuorat rypyt otsassa<br \/>\n\u2022 pystysuorat rypyt kulmien v\u00e4liss\u00e4<br \/>\n\u2022 nk. kananvarpaat silmien ymp\u00e4rill\u00e4<br \/>\n\u2022 alasp\u00e4in roikkuvat suupielet<\/p>\n<p>Pistosten vaikutus alkaa noin 24\u201372 tunnin kuluessa.<\/p>\n<p><strong>2) Liikahikoilun hoito botoxilla<\/strong><\/p>\n<p>Lisaksi on botuliinitoksiinilla mahdollista hoitaa liikahikoilua eli hyperhidroosia. Hoidossa ruiskutetaan ainetta pieniss\u00e4 m\u00e4\u00e4riss\u00e4 ongelmalliselle alueelle ihon alle.<br \/>\nT\u00e4llaisia alueita voivat olla mm.:<\/p>\n<p>\u2022 kainalot<br \/>\n\u2022 k\u00e4det<br \/>\n\u2022 jalkapohjat<br \/>\n\u2022 kasvot<br \/>\n\u2022 nivukset<br \/>\n\u2022 niska tai selk\u00e4<\/p>\n<p>T\u00e4ydellinen vaikutus saavutetaan kahden viikon kuluttua pistoksesta.<br \/>","protected":false},"excerpt":{"rendered":"<p>Botulinum toxin injection (engl.) Botuliinitoksiini-pistosten tarkoituksena on rentouttaa lihaksia ja v\u00e4hent\u00e4\u00e4 ns. mimiikkaryppyjen syntymist\u00e4 kasvoissa. Tunnetuimmat botuliinitoksiini-pistosten tuotemerkit ovat Botox, Dysport ja Vistabel. Botuliinitoksiini est\u00e4\u00e4 lihasten sulkeutumista aiheuttavan hermoimpulssin. Tuloksena j\u00e4\u00e4v\u00e4t lihakset pidemm\u00e4ksi ajaksi rennoiksi. Ajan kuluessa hermoimpulssi palautuu ja pistosten vaikutus v\u00e4henee. 1) Ryppyjen&#8230;<\/p>\n","protected":false},"author":2,"featured_media":0,"parent":52,"menu_order":0,"comment_status":"closed","ping_status":"closed","template":"","meta":{"footnotes":""},"class_list":["post-1121","page","type-page","status-publish","hentry"],"_links":{"self":[{"href":"https:\/\/www.cleanline.ee\/fi\/wp-json\/wp\/v2\/pages\/1121"}],"collection":[{"href":"https:\/\/www.cleanline.ee\/fi\/wp-json\/wp\/v2\/pages"}],"about":[{"href":"https:\/\/www.cleanline.ee\/fi\/wp-json\/wp\/v2\/types\/page"}],"author":[{"embeddable":true,"href":"https:\/\/www.cleanline.ee\/fi\/wp-json\/wp\/v2\/users\/2"}],"replies":[{"embeddable":true,"href":"https:\/\/www.cleanline.ee\/fi\/wp-json\/wp\/v2\/comments?post=1121"}],"version-history":[{"count":11,"href":"https:\/\/www.cleanline.ee\/fi\/wp-json\/wp\/v2\/pages\/1121\/revisions"}],"predecessor-version":[{"id":1217,"href":"https:\/\/www.cleanline.ee\/fi\/wp-json\/wp\/v2\/pages\/1121\/revisions\/1217"}],"up":[{"embeddable":true,"href":"https:\/\/www.cleanline.ee\/fi\/wp-json\/wp\/v2\/pages\/52"}],"wp:attachment":[{"href":"https:\/\/www.cleanline.ee\/fi\/wp-json\/wp\/v2\/media?parent=1121"}],"curies":[{"name":"wp","href":"https:\/\/api.w.org\/{rel}","templated":true}]}}