{"id":1114,"date":"2018-12-18T15:35:17","date_gmt":"2018-12-18T15:35:17","guid":{"rendered":"http:\/\/www.cleanline.ee\/?page_id=1114"},"modified":"2018-12-19T16:12:18","modified_gmt":"2018-12-19T16:12:18","slug":"nagu-ja-keha-remodelleerimine","status":"publish","type":"page","link":"http:\/\/www.cleanline.ee\/fi\/services\/nagu-ja-keha-remodelleerimine\/","title":{"rendered":"(\u0420\u0443\u0441\u0441\u043a\u0438\u0439) \u0411\u0438\u043e\u043c\u043e\u0434\u0435\u043b\u0438\u0440\u043e\u0432\u0430\u043d\u0438\u0435 \u043b\u0438\u0446\u0430 \u0438 \u0442\u0435\u043b\u0430"},"content":{"rendered":"<p class=\"qtranxs-available-languages-message qtranxs-available-languages-message-fi\">Anteeksi, mutta t\u00e4m\u00e4 kirjoitus on saatavana ainoastaan n\u00e4ill\u00e4 kielill\u00e4: <a href=\"http:\/\/www.cleanline.ee\/ru\/wp-json\/wp\/v2\/pages\/1114\" class=\"qtranxs-available-language-link qtranxs-available-language-link-ru\" title=\"\u0420\u0443\u0441\u0441\u043a\u0438\u0439\">\u0420\u0443\u0441\u0441\u043a\u0438\u0439<\/a> ja <a href=\"http:\/\/www.cleanline.ee\/et\/wp-json\/wp\/v2\/pages\/1114\" class=\"qtranxs-available-language-link qtranxs-available-language-link-et\" title=\"Eesti\">Eesti<\/a>.<\/p>","protected":false},"excerpt":{"rendered":"<p>Anteeksi, mutta t\u00e4m\u00e4 kirjoitus on saatavana ainoastaan n\u00e4ill\u00e4 kielill\u00e4: \u0420\u0443\u0441\u0441\u043a\u0438\u0439 ja Eesti.<\/p>\n","protected":false},"author":2,"featured_media":0,"parent":52,"menu_order":0,"comment_status":"closed","ping_status":"closed","template":"","meta":{"footnotes":""},"class_list":["post-1114","page","type-page","status-publish","hentry"],"_links":{"self":[{"href":"http:\/\/www.cleanline.ee\/fi\/wp-json\/wp\/v2\/pages\/1114"}],"collection":[{"href":"http:\/\/www.cleanline.ee\/fi\/wp-json\/wp\/v2\/pages"}],"about":[{"href":"http:\/\/www.cleanline.ee\/fi\/wp-json\/wp\/v2\/types\/page"}],"author":[{"embeddable":true,"href":"http:\/\/www.cleanline.ee\/fi\/wp-json\/wp\/v2\/users\/2"}],"replies":[{"embeddable":true,"href":"http:\/\/www.cleanline.ee\/fi\/wp-json\/wp\/v2\/comments?post=1114"}],"version-history":[{"count":0,"href":"http:\/\/www.cleanline.ee\/fi\/wp-json\/wp\/v2\/pages\/1114\/revisions"}],"up":[{"embeddable":true,"href":"http:\/\/www.cleanline.ee\/fi\/wp-json\/wp\/v2\/pages\/52"}],"wp:attachment":[{"href":"http:\/\/www.cleanline.ee\/fi\/wp-json\/wp\/v2\/media?parent=1114"}],"curies":[{"name":"wp","href":"https:\/\/api.w.org\/{rel}","templated":true}]}}